{"id":21,"date":"2025-10-23T22:11:37","date_gmt":"2025-10-23T22:11:37","guid":{"rendered":"https:\/\/royalenergys.com\/?page_id=21"},"modified":"2025-10-27T18:39:53","modified_gmt":"2025-10-27T18:39:53","slug":"portfolio","status":"publish","type":"page","link":"https:\/\/royalenergys.com\/en\/portfolio\/","title":{"rendered":"Portfolio"},"content":{"rendered":"<div data-elementor-type=\"wp-page\" data-elementor-id=\"21\" class=\"elementor elementor-21\" data-elementor-post-type=\"page\">\n\t\t\t\t\t\t<section class=\"elementor-section elementor-top-section elementor-element elementor-element-29ec91df elementor-section-boxed elementor-section-height-default elementor-section-height-default\" data-id=\"29ec91df\" data-element_type=\"section\" data-e-type=\"section\" data-settings=\"{&quot;background_background&quot;:&quot;classic&quot;}\">\n\t\t\t\t\t\t\t<div class=\"elementor-background-overlay\"><\/div>\n\t\t\t\t\t\t\t<div class=\"elementor-container elementor-column-gap-default\">\n\t\t\t\t\t<div class=\"elementor-column elementor-col-100 elementor-top-column elementor-element elementor-element-1f4bd909\" data-id=\"1f4bd909\" data-element_type=\"column\" data-e-type=\"column\">\n\t\t\t<div class=\"elementor-widget-wrap elementor-element-populated\">\n\t\t\t\t\t\t<div class=\"elementor-element elementor-element-42f40514 elementor-invisible elementor-widget elementor-widget-heading\" data-id=\"42f40514\" data-element_type=\"widget\" data-e-type=\"widget\" data-settings=\"{&quot;_animation&quot;:&quot;fadeInRight&quot;}\" data-widget_type=\"heading.default\">\n\t\t\t\t\t<h1 class=\"elementor-heading-title elementor-size-default\">Dedicated Projects<\/h1>\t\t\t\t<\/div>\n\t\t\t\t<div class=\"elementor-element elementor-element-296e1fa9 elementor-invisible elementor-widget elementor-widget-text-editor\" data-id=\"296e1fa9\" data-element_type=\"widget\" data-e-type=\"widget\" data-settings=\"{&quot;_animation&quot;:&quot;fadeInRight&quot;,&quot;_animation_delay&quot;:200}\" data-widget_type=\"text-editor.default\">\n\t\t\t\t\t\t\t\t\t<p>We share our experience with you, showing you the projects our team is implementing.<\/p>\t\t\t\t\t\t\t\t<\/div>\n\t\t\t\t<section class=\"elementor-section elementor-inner-section elementor-element elementor-element-5d085d2b elementor-section-boxed elementor-section-height-default elementor-section-height-default\" data-id=\"5d085d2b\" data-element_type=\"section\" data-e-type=\"section\">\n\t\t\t\t\t\t<div class=\"elementor-container elementor-column-gap-default\">\n\t\t\t\t\t<div class=\"elementor-column elementor-col-100 elementor-inner-column elementor-element elementor-element-456e8695 elementor-invisible\" data-id=\"456e8695\" data-element_type=\"column\" data-e-type=\"column\" data-settings=\"{&quot;background_background&quot;:&quot;classic&quot;,&quot;animation&quot;:&quot;fadeInUp&quot;}\">\n\t\t\t<div class=\"elementor-widget-wrap elementor-element-populated\">\n\t\t\t\t\t\t<div class=\"elementor-element elementor-element-56723eab elementor-icon-list--layout-inline elementor-align-center elementor-widget__width-auto elementor-list-item-link-full_width elementor-widget elementor-widget-icon-list\" data-id=\"56723eab\" data-element_type=\"widget\" data-e-type=\"widget\" data-widget_type=\"icon-list.default\">\n\t\t\t\t\t\t\t<ul class=\"elementor-icon-list-items elementor-inline-items\">\n\t\t\t\t\t\t\t<li class=\"elementor-icon-list-item elementor-inline-item\">\n\t\t\t\t\t\t\t\t\t\t<span class=\"elementor-icon-list-text\">Home<\/span>\n\t\t\t\t\t\t\t\t\t<\/li>\n\t\t\t\t\t\t<\/ul>\n\t\t\t\t\t\t<\/div>\n\t\t\t\t<div class=\"elementor-element elementor-element-519a6996 elementor-icon-list--layout-inline elementor-align-center elementor-widget__width-auto elementor-list-item-link-full_width elementor-widget elementor-widget-icon-list\" data-id=\"519a6996\" data-element_type=\"widget\" data-e-type=\"widget\" data-widget_type=\"icon-list.default\">\n\t\t\t\t\t\t\t<ul class=\"elementor-icon-list-items elementor-inline-items\">\n\t\t\t\t\t\t\t<li class=\"elementor-icon-list-item elementor-inline-item\">\n\t\t\t\t\t\t\t\t\t\t\t<span class=\"elementor-icon-list-icon\">\n\t\t\t\t\t\t\t<svg aria-hidden=\"true\" class=\"e-font-icon-svg e-fas-chevron-right\" viewbox=\"0 0 320 512\" xmlns=\"http:\/\/www.w3.org\/2000\/svg\"><path d=\"M285.476 272.971L91.132 467.314c-9.373 9.373-24.569 9.373-33.941 0l-22.667-22.667c-9.357-9.357-9.375-24.522-.04-33.901L188.505 256 34.484 101.255c-9.335-9.379-9.317-24.544.04-33.901l22.667-22.667c9.373-9.373 24.569-9.373 33.941 0L285.475 239.03c9.373 9.372 9.373 24.568.001 33.941z\"><\/path><\/svg>\t\t\t\t\t\t<\/span>\n\t\t\t\t\t\t\t\t\t\t<span class=\"elementor-icon-list-text\">projects<\/span>\n\t\t\t\t\t\t\t\t\t<\/li>\n\t\t\t\t\t\t<\/ul>\n\t\t\t\t\t\t<\/div>\n\t\t\t\t\t<\/div>\n\t\t<\/div>\n\t\t\t\t\t<\/div>\n\t\t<\/section>\n\t\t\t\t<div class=\"elementor-element elementor-element-7658f152 elementor-grid-1 elementor-widget__width-auto elementor-absolute animated-slow elementor-hidden-tablet elementor-hidden-mobile elementor-shape-rounded e-grid-align-center elementor-invisible elementor-widget elementor-widget-social-icons\" data-id=\"7658f152\" data-element_type=\"widget\" data-e-type=\"widget\" data-settings=\"{&quot;_position&quot;:&quot;absolute&quot;,&quot;_animation&quot;:&quot;fadeInLeft&quot;}\" data-widget_type=\"social-icons.default\">\n\t\t\t\t\t\t\t<div class=\"elementor-social-icons-wrapper elementor-grid\" role=\"list\">\n\t\t\t\t\t\t\t<span class=\"elementor-grid-item\" role=\"listitem\">\n\t\t\t\t\t<a class=\"elementor-icon elementor-social-icon elementor-social-icon-facebook-f elementor-animation-float elementor-repeater-item-40980d7\" target=\"_blank\">\n\t\t\t\t\t\t<span class=\"elementor-screen-only\">Facebook-f<\/span>\n\t\t\t\t\t\t<svg aria-hidden=\"true\" class=\"e-font-icon-svg e-fab-facebook-f\" viewbox=\"0 0 320 512\" xmlns=\"http:\/\/www.w3.org\/2000\/svg\"><path d=\"M279.14 288l14.22-92.66h-88.91v-60.13c0-25.35 12.42-50.06 52.24-50.06h40.42V6.26S260.43 0 225.36 0c-73.22 0-121.08 44.38-121.08 124.72v70.62H22.89V288h81.39v224h100.17V288z\"><\/path><\/svg>\t\t\t\t\t<\/a>\n\t\t\t\t<\/span>\n\t\t\t\t\t\t\t<span class=\"elementor-grid-item\" role=\"listitem\">\n\t\t\t\t\t<a class=\"elementor-icon elementor-social-icon elementor-social-icon-twitter elementor-animation-float elementor-repeater-item-3d38d36\" target=\"_blank\">\n\t\t\t\t\t\t<span class=\"elementor-screen-only\">Twitter<\/span>\n\t\t\t\t\t\t<svg aria-hidden=\"true\" class=\"e-font-icon-svg e-fab-twitter\" viewbox=\"0 0 512 512\" xmlns=\"http:\/\/www.w3.org\/2000\/svg\"><path d=\"M459.37 151.716c.325 4.548.325 9.097.325 13.645 0 138.72-105.583 298.558-298.558 298.558-59.452 0-114.68-17.219-161.137-47.106 8.447.974 16.568 1.299 25.34 1.299 49.055 0 94.213-16.568 130.274-44.832-46.132-.975-84.792-31.188-98.112-72.772 6.498.974 12.995 1.624 19.818 1.624 9.421 0 18.843-1.3 27.614-3.573-48.081-9.747-84.143-51.98-84.143-102.985v-1.299c13.969 7.797 30.214 12.67 47.431 13.319-28.264-18.843-46.781-51.005-46.781-87.391 0-19.492 5.197-37.36 14.294-52.954 51.655 63.675 129.3 105.258 216.365 109.807-1.624-7.797-2.599-15.918-2.599-24.04 0-57.828 46.782-104.934 104.934-104.934 30.213 0 57.502 12.67 76.67 33.137 23.715-4.548 46.456-13.32 66.599-25.34-7.798 24.366-24.366 44.833-46.132 57.827 21.117-2.273 41.584-8.122 60.426-16.243-14.292 20.791-32.161 39.308-52.628 54.253z\"><\/path><\/svg>\t\t\t\t\t<\/a>\n\t\t\t\t<\/span>\n\t\t\t\t\t\t\t<span class=\"elementor-grid-item\" role=\"listitem\">\n\t\t\t\t\t<a class=\"elementor-icon elementor-social-icon elementor-social-icon-linkedin-in elementor-animation-float elementor-repeater-item-ca91536\" target=\"_blank\">\n\t\t\t\t\t\t<span class=\"elementor-screen-only\">Linkedin-in<\/span>\n\t\t\t\t\t\t<svg aria-hidden=\"true\" class=\"e-font-icon-svg e-fab-linkedin-in\" viewbox=\"0 0 448 512\" xmlns=\"http:\/\/www.w3.org\/2000\/svg\"><path d=\"M100.28 448H7.4V148.9h92.88zM53.79 108.1C24.09 108.1 0 83.5 0 53.8a53.79 53.79 0 0 1 107.58 0c0 29.7-24.1 54.3-53.79 54.3zM447.9 448h-92.68V302.4c0-34.7-.7-79.2-48.29-79.2-48.29 0-55.69 37.7-55.69 76.7V448h-92.78V148.9h89.08v40.8h1.3c12.4-23.5 42.69-48.3 87.88-48.3 94 0 111.28 61.9 111.28 142.3V448z\"><\/path><\/svg>\t\t\t\t\t<\/a>\n\t\t\t\t<\/span>\n\t\t\t\t\t<\/div>\n\t\t\t\t\t\t<\/div>\n\t\t\t\t\t<\/div>\n\t\t<\/div>\n\t\t\t\t\t<\/div>\n\t\t<\/section>\n\t\t\t\t<section class=\"elementor-section elementor-top-section elementor-element elementor-element-14eb0236 elementor-section-boxed elementor-section-height-default elementor-section-height-default\" data-id=\"14eb0236\" data-element_type=\"section\" data-e-type=\"section\" data-settings=\"{&quot;background_background&quot;:&quot;classic&quot;}\">\n\t\t\t\t\t\t<div class=\"elementor-container elementor-column-gap-default\">\n\t\t\t\t\t<div class=\"elementor-column elementor-col-100 elementor-top-column elementor-element elementor-element-64ecae7d\" data-id=\"64ecae7d\" data-element_type=\"column\" data-e-type=\"column\">\n\t\t\t<div class=\"elementor-widget-wrap elementor-element-populated\">\n\t\t\t\t\t\t<div class=\"elementor-element elementor-element-030860b elementor-widget elementor-widget-image\" data-id=\"030860b\" data-element_type=\"widget\" data-e-type=\"widget\" data-widget_type=\"image.default\">\n\t\t\t\t\t\t\t\t\t\t\t\t\t\t\t<img fetchpriority=\"high\" decoding=\"async\" width=\"1250\" height=\"963\" src=\"https:\/\/royalenergys.com\/wp-content\/uploads\/2025\/10\/Design-sem-nome-e1761258137661.webp\" class=\"attachment-full size-full wp-image-29\" alt=\"\" srcset=\"https:\/\/royalenergys.com\/wp-content\/uploads\/2025\/10\/Design-sem-nome-e1761258137661.webp 1250w, https:\/\/royalenergys.com\/wp-content\/uploads\/2025\/10\/Design-sem-nome-e1761258137661-300x231.webp 300w, https:\/\/royalenergys.com\/wp-content\/uploads\/2025\/10\/Design-sem-nome-e1761258137661-1024x789.webp 1024w, https:\/\/royalenergys.com\/wp-content\/uploads\/2025\/10\/Design-sem-nome-e1761258137661-768x592.webp 768w\" sizes=\"(max-width: 1250px) 100vw, 1250px\" \/>\t\t\t\t\t\t\t\t\t\t\t\t\t\t\t<\/div>\n\t\t\t\t<div class=\"elementor-element elementor-element-277ded19 elementor-invisible elementor-widget elementor-widget-heading\" data-id=\"277ded19\" data-element_type=\"widget\" data-e-type=\"widget\" data-settings=\"{&quot;_animation&quot;:&quot;fadeInLeft&quot;}\" data-widget_type=\"heading.default\">\n\t\t\t\t\t<h5 class=\"elementor-heading-title elementor-size-default\">Recent projects<\/h5>\t\t\t\t<\/div>\n\t\t\t\t<div class=\"elementor-element elementor-element-5ca1b317 elementor-invisible elementor-widget elementor-widget-heading\" data-id=\"5ca1b317\" data-element_type=\"widget\" data-e-type=\"widget\" data-settings=\"{&quot;_animation&quot;:&quot;fadeInRight&quot;}\" data-widget_type=\"heading.default\">\n\t\t\t\t\t<h2 class=\"elementor-heading-title elementor-size-default\">Latest Projects, Solutions\nand Energy Supply<\/h2>\t\t\t\t<\/div>\n\t\t\t\t<div class=\"elementor-element elementor-element-d0f2c37 gallery-spacing-custom elementor-widget elementor-widget-image-gallery\" data-id=\"d0f2c37\" data-element_type=\"widget\" data-e-type=\"widget\" data-widget_type=\"image-gallery.default\">\n\t\t\t\t\t\t\t<div class=\"elementor-image-gallery\">\n\t\t\t<div id='gallery-1' class='gallery galleryid-21 gallery-columns-3 gallery-size-full'><figure class='gallery-item'>\n\t\t\t<div class='gallery-icon landscape'>\n\t\t\t\t<a data-elementor-open-lightbox=\"yes\" data-elementor-lightbox-slideshow=\"d0f2c37\" data-elementor-lightbox-title=\"7\" data-e-action-hash=\"#elementor-action%3Aaction%3Dlightbox%26settings%3DeyJpZCI6NDA4LCJ1cmwiOiJodHRwczpcL1wvcm95YWxlbmVyZ3lzLmNvbVwvd3AtY29udGVudFwvdXBsb2Fkc1wvMjAyNVwvMTBcLzcud2VicCIsInNsaWRlc2hvdyI6ImQwZjJjMzcifQ%3D%3D\" href='https:\/\/royalenergys.com\/wp-content\/uploads\/2025\/10\/7.webp'><img decoding=\"async\" width=\"2500\" height=\"1875\" src=\"https:\/\/royalenergys.com\/wp-content\/uploads\/2025\/10\/7.webp\" class=\"attachment-full size-full\" alt=\"\" srcset=\"https:\/\/royalenergys.com\/wp-content\/uploads\/2025\/10\/7.webp 2500w, https:\/\/royalenergys.com\/wp-content\/uploads\/2025\/10\/7-300x225.webp 300w, https:\/\/royalenergys.com\/wp-content\/uploads\/2025\/10\/7-1024x768.webp 1024w, https:\/\/royalenergys.com\/wp-content\/uploads\/2025\/10\/7-768x576.webp 768w, https:\/\/royalenergys.com\/wp-content\/uploads\/2025\/10\/7-1536x1152.webp 1536w, https:\/\/royalenergys.com\/wp-content\/uploads\/2025\/10\/7-2048x1536.webp 2048w\" sizes=\"(max-width: 2500px) 100vw, 2500px\" \/><\/a>\n\t\t\t<\/div><\/figure><figure class='gallery-item'>\n\t\t\t<div class='gallery-icon landscape'>\n\t\t\t\t<a data-elementor-open-lightbox=\"yes\" data-elementor-lightbox-slideshow=\"d0f2c37\" data-elementor-lightbox-title=\"17\" data-e-action-hash=\"#elementor-action%3Aaction%3Dlightbox%26settings%3DeyJpZCI6NDE4LCJ1cmwiOiJodHRwczpcL1wvcm95YWxlbmVyZ3lzLmNvbVwvd3AtY29udGVudFwvdXBsb2Fkc1wvMjAyNVwvMTBcLzE3LndlYnAiLCJzbGlkZXNob3ciOiJkMGYyYzM3In0%3D\" href='https:\/\/royalenergys.com\/wp-content\/uploads\/2025\/10\/17.webp'><img decoding=\"async\" width=\"2500\" height=\"1875\" src=\"https:\/\/royalenergys.com\/wp-content\/uploads\/2025\/10\/17.webp\" class=\"attachment-full size-full\" alt=\"\" srcset=\"https:\/\/royalenergys.com\/wp-content\/uploads\/2025\/10\/17.webp 2500w, https:\/\/royalenergys.com\/wp-content\/uploads\/2025\/10\/17-300x225.webp 300w, https:\/\/royalenergys.com\/wp-content\/uploads\/2025\/10\/17-1024x768.webp 1024w, https:\/\/royalenergys.com\/wp-content\/uploads\/2025\/10\/17-768x576.webp 768w, https:\/\/royalenergys.com\/wp-content\/uploads\/2025\/10\/17-1536x1152.webp 1536w, https:\/\/royalenergys.com\/wp-content\/uploads\/2025\/10\/17-2048x1536.webp 2048w\" sizes=\"(max-width: 2500px) 100vw, 2500px\" \/><\/a>\n\t\t\t<\/div><\/figure><figure class='gallery-item'>\n\t\t\t<div class='gallery-icon landscape'>\n\t\t\t\t<a data-elementor-open-lightbox=\"yes\" data-elementor-lightbox-slideshow=\"d0f2c37\" data-elementor-lightbox-title=\"15\" data-e-action-hash=\"#elementor-action%3Aaction%3Dlightbox%26settings%3DeyJpZCI6NDE2LCJ1cmwiOiJodHRwczpcL1wvcm95YWxlbmVyZ3lzLmNvbVwvd3AtY29udGVudFwvdXBsb2Fkc1wvMjAyNVwvMTBcLzE1LndlYnAiLCJzbGlkZXNob3ciOiJkMGYyYzM3In0%3D\" href='https:\/\/royalenergys.com\/wp-content\/uploads\/2025\/10\/15.webp'><img loading=\"lazy\" decoding=\"async\" width=\"2500\" height=\"1875\" src=\"https:\/\/royalenergys.com\/wp-content\/uploads\/2025\/10\/15.webp\" class=\"attachment-full size-full\" alt=\"\" srcset=\"https:\/\/royalenergys.com\/wp-content\/uploads\/2025\/10\/15.webp 2500w, https:\/\/royalenergys.com\/wp-content\/uploads\/2025\/10\/15-300x225.webp 300w, https:\/\/royalenergys.com\/wp-content\/uploads\/2025\/10\/15-1024x768.webp 1024w, https:\/\/royalenergys.com\/wp-content\/uploads\/2025\/10\/15-768x576.webp 768w, https:\/\/royalenergys.com\/wp-content\/uploads\/2025\/10\/15-1536x1152.webp 1536w, https:\/\/royalenergys.com\/wp-content\/uploads\/2025\/10\/15-2048x1536.webp 2048w\" sizes=\"(max-width: 2500px) 100vw, 2500px\" \/><\/a>\n\t\t\t<\/div><\/figure><figure class='gallery-item'>\n\t\t\t<div class='gallery-icon landscape'>\n\t\t\t\t<a data-elementor-open-lightbox=\"yes\" data-elementor-lightbox-slideshow=\"d0f2c37\" data-elementor-lightbox-title=\"11\" data-e-action-hash=\"#elementor-action%3Aaction%3Dlightbox%26settings%3DeyJpZCI6NDEyLCJ1cmwiOiJodHRwczpcL1wvcm95YWxlbmVyZ3lzLmNvbVwvd3AtY29udGVudFwvdXBsb2Fkc1wvMjAyNVwvMTBcLzExLndlYnAiLCJzbGlkZXNob3ciOiJkMGYyYzM3In0%3D\" href='https:\/\/royalenergys.com\/wp-content\/uploads\/2025\/10\/11.webp'><img loading=\"lazy\" decoding=\"async\" width=\"2500\" height=\"1875\" src=\"https:\/\/royalenergys.com\/wp-content\/uploads\/2025\/10\/11.webp\" class=\"attachment-full size-full\" alt=\"\" srcset=\"https:\/\/royalenergys.com\/wp-content\/uploads\/2025\/10\/11.webp 2500w, https:\/\/royalenergys.com\/wp-content\/uploads\/2025\/10\/11-300x225.webp 300w, https:\/\/royalenergys.com\/wp-content\/uploads\/2025\/10\/11-1024x768.webp 1024w, https:\/\/royalenergys.com\/wp-content\/uploads\/2025\/10\/11-768x576.webp 768w, https:\/\/royalenergys.com\/wp-content\/uploads\/2025\/10\/11-1536x1152.webp 1536w, https:\/\/royalenergys.com\/wp-content\/uploads\/2025\/10\/11-2048x1536.webp 2048w\" sizes=\"(max-width: 2500px) 100vw, 2500px\" \/><\/a>\n\t\t\t<\/div><\/figure><figure class='gallery-item'>\n\t\t\t<div class='gallery-icon landscape'>\n\t\t\t\t<a data-elementor-open-lightbox=\"yes\" data-elementor-lightbox-slideshow=\"d0f2c37\" data-elementor-lightbox-title=\"10\" data-e-action-hash=\"#elementor-action%3Aaction%3Dlightbox%26settings%3DeyJpZCI6NDExLCJ1cmwiOiJodHRwczpcL1wvcm95YWxlbmVyZ3lzLmNvbVwvd3AtY29udGVudFwvdXBsb2Fkc1wvMjAyNVwvMTBcLzEwLndlYnAiLCJzbGlkZXNob3ciOiJkMGYyYzM3In0%3D\" href='https:\/\/royalenergys.com\/wp-content\/uploads\/2025\/10\/10.webp'><img loading=\"lazy\" decoding=\"async\" width=\"2500\" height=\"1875\" src=\"https:\/\/royalenergys.com\/wp-content\/uploads\/2025\/10\/10.webp\" class=\"attachment-full size-full\" alt=\"\" srcset=\"https:\/\/royalenergys.com\/wp-content\/uploads\/2025\/10\/10.webp 2500w, https:\/\/royalenergys.com\/wp-content\/uploads\/2025\/10\/10-300x225.webp 300w, https:\/\/royalenergys.com\/wp-content\/uploads\/2025\/10\/10-1024x768.webp 1024w, https:\/\/royalenergys.com\/wp-content\/uploads\/2025\/10\/10-768x576.webp 768w, https:\/\/royalenergys.com\/wp-content\/uploads\/2025\/10\/10-1536x1152.webp 1536w, https:\/\/royalenergys.com\/wp-content\/uploads\/2025\/10\/10-2048x1536.webp 2048w\" sizes=\"(max-width: 2500px) 100vw, 2500px\" \/><\/a>\n\t\t\t<\/div><\/figure><figure class='gallery-item'>\n\t\t\t<div class='gallery-icon landscape'>\n\t\t\t\t<a data-elementor-open-lightbox=\"yes\" data-elementor-lightbox-slideshow=\"d0f2c37\" data-elementor-lightbox-title=\"27\" data-e-action-hash=\"#elementor-action%3Aaction%3Dlightbox%26settings%3DeyJpZCI6NDI4LCJ1cmwiOiJodHRwczpcL1wvcm95YWxlbmVyZ3lzLmNvbVwvd3AtY29udGVudFwvdXBsb2Fkc1wvMjAyNVwvMTBcLzI3LndlYnAiLCJzbGlkZXNob3ciOiJkMGYyYzM3In0%3D\" href='https:\/\/royalenergys.com\/wp-content\/uploads\/2025\/10\/27.webp'><img loading=\"lazy\" decoding=\"async\" width=\"2500\" height=\"1875\" src=\"https:\/\/royalenergys.com\/wp-content\/uploads\/2025\/10\/27.webp\" class=\"attachment-full size-full\" alt=\"\" srcset=\"https:\/\/royalenergys.com\/wp-content\/uploads\/2025\/10\/27.webp 2500w, https:\/\/royalenergys.com\/wp-content\/uploads\/2025\/10\/27-300x225.webp 300w, https:\/\/royalenergys.com\/wp-content\/uploads\/2025\/10\/27-1024x768.webp 1024w, https:\/\/royalenergys.com\/wp-content\/uploads\/2025\/10\/27-768x576.webp 768w, https:\/\/royalenergys.com\/wp-content\/uploads\/2025\/10\/27-1536x1152.webp 1536w, https:\/\/royalenergys.com\/wp-content\/uploads\/2025\/10\/27-2048x1536.webp 2048w\" sizes=\"(max-width: 2500px) 100vw, 2500px\" \/><\/a>\n\t\t\t<\/div><\/figure>\n\t\t<\/div>\n\t\t<\/div>\n\t\t\t\t\t\t<\/div>\n\t\t\t\t\t<\/div>\n\t\t<\/div>\n\t\t\t\t\t<\/div>\n\t\t<\/section>\n\t\t<div class=\"elementor-element elementor-element-a06a368 e-flex e-con-boxed e-con e-parent\" data-id=\"a06a368\" data-element_type=\"container\" data-e-type=\"container\">\n\t\t\t\t\t<div class=\"e-con-inner\">\n\t\t\t\t\t<\/div>\n\t\t\t\t<\/div>\n\t\t\t\t<\/div>","protected":false},"excerpt":{"rendered":"<p>Projetos Dedicados Partilhamos com voc\u00ea nossa experi\u00eancia, mostrando os projetos em execu\u00e7\u00e3o pela nossa equipa. Home projetos Facebook-f Twitter Linkedin-in Projetos recentes \u00daltimos Projetos, Solu\u00e7\u00f5es E Fornecimento de Energia<\/p>","protected":false},"author":2,"featured_media":0,"parent":0,"menu_order":0,"comment_status":"closed","ping_status":"closed","template":"elementor_header_footer","meta":{"footnotes":""},"class_list":["post-21","page","type-page","status-publish","hentry"],"_links":{"self":[{"href":"https:\/\/royalenergys.com\/en\/wp-json\/wp\/v2\/pages\/21","targetHints":{"allow":["GET"]}}],"collection":[{"href":"https:\/\/royalenergys.com\/en\/wp-json\/wp\/v2\/pages"}],"about":[{"href":"https:\/\/royalenergys.com\/en\/wp-json\/wp\/v2\/types\/page"}],"author":[{"embeddable":true,"href":"https:\/\/royalenergys.com\/en\/wp-json\/wp\/v2\/users\/2"}],"replies":[{"embeddable":true,"href":"https:\/\/royalenergys.com\/en\/wp-json\/wp\/v2\/comments?post=21"}],"version-history":[{"count":118,"href":"https:\/\/royalenergys.com\/en\/wp-json\/wp\/v2\/pages\/21\/revisions"}],"predecessor-version":[{"id":1673,"href":"https:\/\/royalenergys.com\/en\/wp-json\/wp\/v2\/pages\/21\/revisions\/1673"}],"wp:attachment":[{"href":"https:\/\/royalenergys.com\/en\/wp-json\/wp\/v2\/media?parent=21"}],"curies":[{"name":"wp","href":"https:\/\/api.w.org\/{rel}","templated":true}]}}